{"id":3890,"date":"2016-06-20T15:08:41","date_gmt":"2016-06-20T13:08:41","guid":{"rendered":"http:\/\/www.weingut-lindenhof-appenheim.de\/catalog\/?page_id=3890"},"modified":"2022-02-16T16:40:24","modified_gmt":"2022-02-16T14:40:24","slug":"os-plattform","status":"publish","type":"page","link":"https:\/\/www.weingut-lindenhof-appenheim.de\/catalog\/?page_id=3890","title":{"rendered":"OS-Plattform"},"content":{"rendered":"<p>Hinweis OS-Plattform<br \/>\n=====================<\/p>\n<div id=\"primary\" class=\"content-area\">\n<div id=\"post-310\" class=\"post-310 page type-page status-publish hentry\">\n<div class=\"entry-content\">\n<p class=\"zitat2\">Die Europ\u00e4ische Kommission stellt eine Plattform f\u00fcr die au\u00dfergerichtliche Online-Streitbeilegung (OS-Plattform) bereit,<\/p>\n<p class=\"zitat2\">die unter <a href=\"http:\/\/www.ec.europa.eu\/consumers\/odr\">www.ec.europa.eu\/consumers\/odr<\/a> aufrufbar ist.<\/p>\n<p class=\"zitat2\">Wir sind weder verpflichtet noch bereit, an dem Streitschlichtungsverfahren teilzunehmen.<\/p>\n<\/div>\n<\/div>\n<\/div>\n<p>unsere Anschrift und Emailadresse:<br \/>\nWeingut Lindenhof<br \/>\nFamilie Bockius<br \/>\nInhaber: Frank Bockius<br \/>\nNiedergasse 17<br \/>\n55437 Appenheim<\/p>\n<p>Tel 06725\/5788<br \/>\nmail@weingut-lindenhof-appenheim.de<\/p>\n","protected":false},"excerpt":{"rendered":"<p>Hinweis OS-Plattform ===================== Die Europ\u00e4ische Kommission stellt eine Plattform f\u00fcr die au\u00dfergerichtliche Online-Streitbeilegung (OS-Plattform) bereit, die unter www.ec.europa.eu\/consumers\/odr aufrufbar ist. Wir sind weder verpflichtet noch bereit, an dem Streitschlichtungsverfahren teilzunehmen. unsere Anschrift und Emailadresse: Weingut Lindenhof Familie Bockius Inhaber: Frank Bockius Niedergasse 17 55437 Appenheim Tel 06725\/5788 mail@weingut-lindenhof-appenheim.de<\/p>\n","protected":false},"author":1,"featured_media":0,"parent":0,"menu_order":0,"comment_status":"closed","ping_status":"closed","template":"","meta":{"footnotes":""},"class_list":["post-3890","page","type-page","status-publish","hentry"],"_links":{"self":[{"href":"https:\/\/www.weingut-lindenhof-appenheim.de\/catalog\/index.php?rest_route=\/wp\/v2\/pages\/3890"}],"collection":[{"href":"https:\/\/www.weingut-lindenhof-appenheim.de\/catalog\/index.php?rest_route=\/wp\/v2\/pages"}],"about":[{"href":"https:\/\/www.weingut-lindenhof-appenheim.de\/catalog\/index.php?rest_route=\/wp\/v2\/types\/page"}],"author":[{"embeddable":true,"href":"https:\/\/www.weingut-lindenhof-appenheim.de\/catalog\/index.php?rest_route=\/wp\/v2\/users\/1"}],"replies":[{"embeddable":true,"href":"https:\/\/www.weingut-lindenhof-appenheim.de\/catalog\/index.php?rest_route=%2Fwp%2Fv2%2Fcomments&post=3890"}],"version-history":[{"count":3,"href":"https:\/\/www.weingut-lindenhof-appenheim.de\/catalog\/index.php?rest_route=\/wp\/v2\/pages\/3890\/revisions"}],"predecessor-version":[{"id":13973,"href":"https:\/\/www.weingut-lindenhof-appenheim.de\/catalog\/index.php?rest_route=\/wp\/v2\/pages\/3890\/revisions\/13973"}],"wp:attachment":[{"href":"https:\/\/www.weingut-lindenhof-appenheim.de\/catalog\/index.php?rest_route=%2Fwp%2Fv2%2Fmedia&parent=3890"}],"curies":[{"name":"wp","href":"https:\/\/api.w.org\/{rel}","templated":true}]}}