{"id":15020,"date":"2025-03-29T19:56:26","date_gmt":"2025-03-29T17:56:26","guid":{"rendered":"https:\/\/www.weingut-lindenhof-appenheim.de\/catalog\/?product=24162024er-mueller-thurgau-qualitaetswein-rheinhessen-lieblich-10l"},"modified":"2026-04-14T14:27:10","modified_gmt":"2026-04-14T12:27:10","slug":"24162024er-mueller-thurgau-qualitaetswein-rheinhessen-lieblich-10l","status":"publish","type":"product","link":"https:\/\/www.weingut-lindenhof-appenheim.de\/catalog\/?product=24162024er-mueller-thurgau-qualitaetswein-rheinhessen-lieblich-10l","title":{"rendered":"<br>2416<br>2024er M\u00fcller-Thurgau Qualit\u00e4tswein  Rheinhessen lieblich 1,0l<br>"},"content":{"rendered":"<div align=\"left\"><font size=\"1\">2024er M\u00fcller-Thurgau Qualit\u00e4tswein  Rheinhessen lieblich 1,0l<\/p>\n<p>        <font color=\"#666666\"><\/font><\/p>\n<p><\/font><\/div>\n<table WIDTH=\"60%\" BORDER=\"0\" align=\"left\" CELLPADDING=\"0\" CELLSPACING=\"0\"><\/p>\n<tr><\/p>\n<td width=\"53%\"><font size=\"-1\">Artikelnummer:<\/font><\/td>\n<td width=\"47%\"><font size=\"-1\"><strong>2416<\/strong><\/font><\/td>\n<p><\/tr>\n<tr><\/p>\n<td><font size=\"-1\">Inhalt<\/font><\/td>\n<td><font size=\"-1\"><strong>1,0 Ltr.<\/strong><\/font><\/td>\n<p><\/tr>\n<tr ALIGN=\"LEFT\"><\/p>\n<td><font size=\"-1\">Preis\/Ltr.<\/font><\/td>\n<td><font size=\"-1\"><strong>5,60 EUR pro Ltr.<\/strong><\/font><\/td>\n<p><\/tr>\n<tr><\/p>\n<td><font size=\"-1\">Weinart:<\/font><\/td>\n<td><font size=\"-1\"><strong>Wei\u00dfwein<\/strong><\/font><\/td>\n<p><\/tr>\n<tr><\/p>\n<td><font size=\"-1\">Qualit&auml;tsstufe<\/font><\/td>\n<td><font size=\"-1\"><strong>Qualit\u00e4tswein<\/strong><\/font><\/td>\n<p><\/tr>\n<tr><\/p>\n<td><font size=\"-1\">Rebsorte<\/font><\/td>\n<td><font size=\"-1\"><strong>M\u00fcller-Thurgau<\/strong><\/font><\/td>\n<p><\/tr>\n<tr>  <\/p>\n<td><font size=\"-1\">Restzuckergehalt<\/font><\/td>\n<p>  <\/p>\n<td><font size=\"-1\"><strong>29,7 g\/Ltr.<\/strong><\/font><\/td>\n<p><\/tr>\n<p><\/p>\n<tr><\/p>\n<td><font size=\"-1\">Alkoholgehalt<\/font><\/td>\n<td><font size=\"-1\"><strong>11,0 Vol. %<\/strong><\/font><\/td>\n<p><\/tr>\n<p><\/p>\n<tr>\n<td><font size=\"-1\">Bio:<\/font><\/td>\n<td><font size=\"-1\"><strong>NEIN<\/strong><\/font><\/td>\n<\/tr>\n<p><\/p>\n<tr>\n<td><font size=\"-1\">vegan:<\/font><\/td>\n<td><font size=\"-1\"><strong>NEIN<\/strong><\/font><\/td>\n<\/tr>\n<p><\/p>\n<tr>\n<td><font size=\"-1\">Ursprungsland:<\/font><\/td>\n<td><font size=\"-1\"><strong><\/strong><\/font><\/td>\n<\/tr>\n<p><\/p>\n<tr>\n<td><font size=\"-1\">enth\u00e4lt Allergene:<\/font><\/td>\n<td><font size=\"-1\"><strong>Sulfite<\/strong><\/font><\/td>\n<\/tr>\n<p><\/table>\n","protected":false},"excerpt":{"rendered":"<p>2024er M\u00fcller-Thurgau Qualit\u00e4tswein Rheinhessen lieblich 1,0l Artikelnummer: 2416 Inhalt 1,0 Ltr. Preis\/Ltr. 5,60 EUR pro Ltr. Weinart: Wei\u00dfwein Qualit&auml;tsstufe Qualit\u00e4tswein Rebsorte M\u00fcller-Thurgau Restzuckergehalt 29,7 g\/Ltr. Alkoholgehalt 11,0 Vol. % Bio: NEIN vegan: NEIN Ursprungsland: enth\u00e4lt Allergene: Sulfite<\/p>\n","protected":false},"featured_media":15015,"comment_status":"open","ping_status":"closed","template":"","meta":[],"product_cat":[942],"product_tag":[],"class_list":{"0":"post-15020","1":"product","2":"type-product","3":"status-publish","4":"has-post-thumbnail","6":"product_cat-weissweine-qualitaetsweine-b-a","8":"first","9":"instock","10":"taxable","11":"shipping-taxable","12":"purchasable","13":"product-type-simple"},"_links":{"self":[{"href":"https:\/\/www.weingut-lindenhof-appenheim.de\/catalog\/index.php?rest_route=\/wp\/v2\/product\/15020"}],"collection":[{"href":"https:\/\/www.weingut-lindenhof-appenheim.de\/catalog\/index.php?rest_route=\/wp\/v2\/product"}],"about":[{"href":"https:\/\/www.weingut-lindenhof-appenheim.de\/catalog\/index.php?rest_route=\/wp\/v2\/types\/product"}],"replies":[{"embeddable":true,"href":"https:\/\/www.weingut-lindenhof-appenheim.de\/catalog\/index.php?rest_route=%2Fwp%2Fv2%2Fcomments&post=15020"}],"wp:featuredmedia":[{"embeddable":true,"href":"https:\/\/www.weingut-lindenhof-appenheim.de\/catalog\/index.php?rest_route=\/wp\/v2\/media\/15015"}],"wp:attachment":[{"href":"https:\/\/www.weingut-lindenhof-appenheim.de\/catalog\/index.php?rest_route=%2Fwp%2Fv2%2Fmedia&parent=15020"}],"wp:term":[{"taxonomy":"product_cat","embeddable":true,"href":"https:\/\/www.weingut-lindenhof-appenheim.de\/catalog\/index.php?rest_route=%2Fwp%2Fv2%2Fproduct_cat&post=15020"},{"taxonomy":"product_tag","embeddable":true,"href":"https:\/\/www.weingut-lindenhof-appenheim.de\/catalog\/index.php?rest_route=%2Fwp%2Fv2%2Fproduct_tag&post=15020"}],"curies":[{"name":"wp","href":"https:\/\/api.w.org\/{rel}","templated":true}]}}